{"id":18,"date":"2023-01-13T11:45:13","date_gmt":"2023-01-13T11:45:13","guid":{"rendered":"https:\/\/geometria.hu\/?page_id=18"},"modified":"2025-03-14T14:25:04","modified_gmt":"2025-03-14T14:25:04","slug":"emer","status":"publish","type":"page","link":"https:\/\/www.geometria.hu\/en\/emer\/","title":{"rendered":"EMER"},"content":{"rendered":"<div data-elementor-type=\"wp-page\" data-elementor-id=\"18\" class=\"elementor elementor-18\">\n\t\t\t\t\t\t\t\t\t<section class=\"elementor-section elementor-top-section elementor-element elementor-element-dc25b86 elementor-section-height-min-height elementor-section-boxed elementor-section-height-default elementor-section-items-middle\" data-id=\"dc25b86\" data-element_type=\"section\" data-settings=\"{&quot;background_background&quot;:&quot;classic&quot;,&quot;jet_parallax_layout_list&quot;:[]}\">\n\t\t\t\t\t\t\t<div class=\"elementor-background-overlay\"><\/div>\n\t\t\t\t\t\t\t<div class=\"elementor-container elementor-column-gap-default\">\n\t\t\t\t\t<div class=\"elementor-column elementor-col-100 elementor-top-column elementor-element elementor-element-bb9b06e\" data-id=\"bb9b06e\" data-element_type=\"column\">\n\t\t\t<div class=\"elementor-widget-wrap elementor-element-populated\">\n\t\t\t\t\t\t\t\t<div class=\"elementor-element elementor-element-72dcfc2 elementor-widget elementor-widget-heading\" data-id=\"72dcfc2\" data-element_type=\"widget\" data-widget_type=\"heading.default\">\n\t\t\t\t<div class=\"elementor-widget-container\">\n\t\t\t<style>\/*! elementor - v3.12.1 - 02-04-2023 *\/\n.elementor-heading-title{padding:0;margin:0;line-height:1}.elementor-widget-heading .elementor-heading-title[class*=elementor-size-]>a{color:inherit;font-size:inherit;line-height:inherit}.elementor-widget-heading .elementor-heading-title.elementor-size-small{font-size:15px}.elementor-widget-heading .elementor-heading-title.elementor-size-medium{font-size:19px}.elementor-widget-heading .elementor-heading-title.elementor-size-large{font-size:29px}.elementor-widget-heading .elementor-heading-title.elementor-size-xl{font-size:39px}.elementor-widget-heading .elementor-heading-title.elementor-size-xxl{font-size:59px}<\/style><h2 class=\"elementor-heading-title elementor-size-default\">EMER - Asset Management System<\/h2>\t\t<\/div>\n\t\t\t\t<\/div>\n\t\t\t\t<div class=\"elementor-element elementor-element-623eb95 elementor-widget__width-initial elementor-widget elementor-widget-heading\" data-id=\"623eb95\" data-element_type=\"widget\" data-widget_type=\"heading.default\">\n\t\t\t\t<div class=\"elementor-widget-container\">\n\t\t\t<h2 class=\"elementor-heading-title elementor-size-default\">New dimension of the data-driven asset management<\/h2>\t\t<\/div>\n\t\t\t\t<\/div>\n\t\t\t\t<div class=\"elementor-element elementor-element-866e492 elementor-view-default elementor-widget elementor-widget-icon\" data-id=\"866e492\" data-element_type=\"widget\" data-widget_type=\"icon.default\">\n\t\t\t\t<div class=\"elementor-widget-container\">\n\t\t\t\t\t<div class=\"elementor-icon-wrapper\">\n\t\t\t<div class=\"elementor-icon\">\n\t\t\t<i aria-hidden=\"true\" class=\"far fa-arrow-alt-circle-down\"><\/i>\t\t\t<\/div>\n\t\t<\/div>\n\t\t\t\t<\/div>\n\t\t\t\t<\/div>\n\t\t\t\t\t<\/div>\n\t\t<\/div>\n\t\t\t\t\t\t\t<\/div>\n\t\t<\/section>\n\t\t\t\t<section class=\"elementor-section elementor-top-section elementor-element elementor-element-986ea33 elementor-section-boxed elementor-section-height-default elementor-section-height-default\" data-id=\"986ea33\" data-element_type=\"section\" data-settings=\"{&quot;jet_parallax_layout_list&quot;:[]}\">\n\t\t\t\t\t\t<div class=\"elementor-container elementor-column-gap-default\">\n\t\t\t\t\t<div class=\"elementor-column elementor-col-100 elementor-top-column elementor-element elementor-element-8493809\" data-id=\"8493809\" data-element_type=\"column\">\n\t\t\t<div class=\"elementor-widget-wrap\">\n\t\t\t\t\t\t\t\t\t<\/div>\n\t\t<\/div>\n\t\t\t\t\t\t\t<\/div>\n\t\t<\/section>\n\t\t\t\t<section class=\"elementor-section elementor-top-section elementor-element elementor-element-d93dcf3 elementor-section-boxed elementor-section-height-default elementor-section-height-default\" data-id=\"d93dcf3\" data-element_type=\"section\" data-settings=\"{&quot;jet_parallax_layout_list&quot;:[]}\">\n\t\t\t\t\t\t<div class=\"elementor-container elementor-column-gap-default\">\n\t\t\t\t\t<div class=\"elementor-column elementor-col-100 elementor-top-column elementor-element elementor-element-3224eaa\" data-id=\"3224eaa\" data-element_type=\"column\" data-settings=\"{&quot;background_background&quot;:&quot;classic&quot;}\">\n\t\t\t<div class=\"elementor-widget-wrap elementor-element-populated\">\n\t\t\t\t\t\t\t\t<div class=\"elementor-element elementor-element-fbc51ae elementor-widget elementor-widget-text-editor\" data-id=\"fbc51ae\" data-element_type=\"widget\" data-widget_type=\"text-editor.default\">\n\t\t\t\t<div class=\"elementor-widget-container\">\n\t\t\t<style>\/*! elementor - v3.12.1 - 02-04-2023 *\/\n.elementor-widget-text-editor.elementor-drop-cap-view-stacked .elementor-drop-cap{background-color:#69727d;color:#fff}.elementor-widget-text-editor.elementor-drop-cap-view-framed .elementor-drop-cap{color:#69727d;border:3px solid;background-color:transparent}.elementor-widget-text-editor:not(.elementor-drop-cap-view-default) .elementor-drop-cap{margin-top:8px}.elementor-widget-text-editor:not(.elementor-drop-cap-view-default) .elementor-drop-cap-letter{width:1em;height:1em}.elementor-widget-text-editor .elementor-drop-cap{float:left;text-align:center;line-height:1;font-size:50px}.elementor-widget-text-editor .elementor-drop-cap-letter{display:inline-block}<\/style>\t\t\t\t<h3>What is EMER?<\/h3><p class=\" translation-block\">An innovative Asset Management System developed by Geometria, that integrates the peculiarities of the utility markets with our international best practices.\u200b\n<br><br>\n\nThe EMER system is designed to support corporate asset management plans using a consolidated asset management database. Asset management planning is based on risk-based decision support.\n<br><br>\n\nFrom an operational point of view, the EMER asset management system includes, on the one hand, the definition of network device groups (so-called maintenance units) and the planning of intervention generation rules (device strategy planning). On the other hand, the program-level planning and transfer of interventions are based on the rules for implementation (intervention program planning) .\n<br><br>\nThe deployment of the EMER asset management system helps the company to use its resources more efficiently, as well as to meet the required indicators while reducing the risks of network failures. The system can be applied to any public utility network and plant.<\/p><h3>How does it work?<\/h3><h4>Data consolidation<\/h4><p class=\" translation-block\">The network registry data model needs to be transformed for device lifecycle tracking. The transformation is mapped in accordance with the dual data model according to IEC CIM, i.e. both the installation location and the device aspect of the physical devices are displayed in the data model.\nThe system pulls the information from the up-to-date asset management master data and database. The indicator updates such as health and consequence indices for the assets, as well as the newly generated intervention requests, are written back into the programs.<\/p><h4>Asset strategy planning<\/h4><p class=\" translation-block\">Asset groups can be defined according to the applicable company database, based on individual rule systems. New derived attributes and intervention types (renovation, maintenance, replacement, condition assessment, diagnostic measurements, inspections, inspections) can be freely configured for the device groups.\n<br><br>\n\u200bBased on the asset strategy, it is possible to specify that the given process is cyclical or state\/risk-based for planning processes. An individual risk assessment can be freely configured for the asset groups, on the basis of which health and consequence indices can be defined. The evaluation logic of the asset groups has a hierarchical structure, summation, and expansion rules can also be specified. At the end of the asset strategy planning process, the intervention demands are generated based on the rule systems, and these are forwarded by the system to the planning of the intervention programs.\n<br><br>\nThe resulting asset strategy can be simulated in a non-production alternative, the content of which is identical to the production content when created.<\/p><h4>Designing intervention programs<\/h4><p class=\" translation-block\">The intervention needs generated during the asset strategy planning are transferred to the intervention program planning section. For the intervention needs assigned to the intervention program, the resource requirements and resource frameworks available to the company group can be specified, taking into account the given program. The planning processes of the intervention programs can be determined individually whether the given intervention program is to operate automatically or manually. The map functions integrated into the system can be used to display and edit requests belonging to automatic intervention programs. Besides, it is possible to record intervention requests that do not belong to the given program. After finalizing the intervention program, the system transfers the resulting work to the designated execution system.\n\nThe resulting intervention program can be simulated in a non-production alternative, the content of which is identical to the production content when created.<\/p><h3>Services<\/h3><h4>Lifecycle Tracking<\/h4><p>The company\u2019s historical and real-time asset data can be combined with an IIoT-enhanced Asset Management software for more efficient and profitable decision-making.<\/p><h4>Up-to-date data<\/h4><p>The system uses data from the Asset Management Master Data and data feed updated daily. The indicator updates such as health and consequence indices for the assets, as well as the newly generated intervention requests, are fed back into the programs.<\/p><h4>Map support<\/h4><p>Map functions integrated into the system allow you to display and edit claims for both automatic intervention programs and for claims not belonging to a given program.<\/p>\t\t\t\t\t\t<\/div>\n\t\t\t\t<\/div>\n\t\t\t\t\t<\/div>\n\t\t<\/div>\n\t\t\t\t\t\t\t<\/div>\n\t\t<\/section>\n\t\t\t\t\t\t\t<\/div>","protected":false},"excerpt":{"rendered":"<p>EMER &#8211; Eszk\u00f6zmenedzsment rendszer Az adatvez\u00e9relt eszk\u00f6zgazd\u00e1lkod\u00e1s \u00faj dimenzi\u00f3ja Mi is az EMER? Az EMER a Geometria Kft. \u00e1ltal fejlesztett, a hazai k\u00f6zm\u0171piac saj\u00e1toss\u00e1gait \u00e9s a nemzetk\u00f6zi j\u00f3 gyakorlatokat integr\u00e1l\u00f3 eszk\u00f6zmenedzsment rendszer.\u200bAz EMER rendszer c\u00e9lja a v\u00e1llalati eszk\u00f6zmenedzsment-tervez\u00e9s t\u00e1mogat\u00e1sa a rendszer seg\u00edts\u00e9g\u00e9vel l\u00e9trehozott konszolid\u00e1lt eszk\u00f6zmenedzsment-adatb\u00e1zis felhaszn\u00e1l\u00e1s\u00e1val. Az eszk\u00f6zmenedzsment-tervez\u00e9s a kock\u00e1zatalap\u00fa d\u00f6nt\u00e9st\u00e1mogat\u00e1son alapul.M\u0171k\u00f6d\u00e9si szempontb\u00f3l az EMER [&hellip;]<\/p>","protected":false},"author":1,"featured_media":0,"parent":0,"menu_order":0,"comment_status":"closed","ping_status":"closed","template":"","meta":{"footnotes":""},"class_list":["post-18","page","type-page","status-publish","hentry"],"_links":{"self":[{"href":"https:\/\/www.geometria.hu\/en\/wp-json\/wp\/v2\/pages\/18","targetHints":{"allow":["GET"]}}],"collection":[{"href":"https:\/\/www.geometria.hu\/en\/wp-json\/wp\/v2\/pages"}],"about":[{"href":"https:\/\/www.geometria.hu\/en\/wp-json\/wp\/v2\/types\/page"}],"author":[{"embeddable":true,"href":"https:\/\/www.geometria.hu\/en\/wp-json\/wp\/v2\/users\/1"}],"replies":[{"embeddable":true,"href":"https:\/\/www.geometria.hu\/en\/wp-json\/wp\/v2\/comments?post=18"}],"version-history":[{"count":6,"href":"https:\/\/www.geometria.hu\/en\/wp-json\/wp\/v2\/pages\/18\/revisions"}],"predecessor-version":[{"id":763,"href":"https:\/\/www.geometria.hu\/en\/wp-json\/wp\/v2\/pages\/18\/revisions\/763"}],"wp:attachment":[{"href":"https:\/\/www.geometria.hu\/en\/wp-json\/wp\/v2\/media?parent=18"}],"curies":[{"name":"wp","href":"https:\/\/api.w.org\/{rel}","templated":true}]}}