{"id":20,"date":"2023-01-13T11:45:23","date_gmt":"2023-01-13T11:45:23","guid":{"rendered":"https:\/\/geometria.hu\/?page_id=20"},"modified":"2025-03-14T14:29:08","modified_gmt":"2025-03-14T14:29:08","slug":"ar","status":"publish","type":"page","link":"https:\/\/www.geometria.hu\/en\/ar\/","title":{"rendered":"AR"},"content":{"rendered":"<div data-elementor-type=\"wp-page\" data-elementor-id=\"20\" class=\"elementor elementor-20\">\n\t\t\t\t\t\t\t\t\t<section class=\"elementor-section elementor-top-section elementor-element elementor-element-e931141 elementor-section-height-min-height elementor-section-boxed elementor-section-height-default elementor-section-items-middle\" data-id=\"e931141\" data-element_type=\"section\" data-settings=\"{&quot;background_background&quot;:&quot;classic&quot;,&quot;jet_parallax_layout_list&quot;:[]}\">\n\t\t\t\t\t\t\t<div class=\"elementor-background-overlay\"><\/div>\n\t\t\t\t\t\t\t<div class=\"elementor-container elementor-column-gap-default\">\n\t\t\t\t\t<div class=\"elementor-column elementor-col-100 elementor-top-column elementor-element elementor-element-a7a90e8\" data-id=\"a7a90e8\" data-element_type=\"column\">\n\t\t\t<div class=\"elementor-widget-wrap elementor-element-populated\">\n\t\t\t\t\t\t\t\t<div class=\"elementor-element elementor-element-65d54a5 elementor-widget elementor-widget-heading\" data-id=\"65d54a5\" data-element_type=\"widget\" data-widget_type=\"heading.default\">\n\t\t\t\t<div class=\"elementor-widget-container\">\n\t\t\t<style>\/*! elementor - v3.12.1 - 02-04-2023 *\/\n.elementor-heading-title{padding:0;margin:0;line-height:1}.elementor-widget-heading .elementor-heading-title[class*=elementor-size-]>a{color:inherit;font-size:inherit;line-height:inherit}.elementor-widget-heading .elementor-heading-title.elementor-size-small{font-size:15px}.elementor-widget-heading .elementor-heading-title.elementor-size-medium{font-size:19px}.elementor-widget-heading .elementor-heading-title.elementor-size-large{font-size:29px}.elementor-widget-heading .elementor-heading-title.elementor-size-xl{font-size:39px}.elementor-widget-heading .elementor-heading-title.elementor-size-xxl{font-size:59px}<\/style><h2 class=\"elementor-heading-title elementor-size-default\">AR - Augmented Reality<\/h2>\t\t<\/div>\n\t\t\t\t<\/div>\n\t\t\t\t<div class=\"elementor-element elementor-element-01d2c98 elementor-widget__width-initial elementor-widget elementor-widget-heading\" data-id=\"01d2c98\" data-element_type=\"widget\" data-widget_type=\"heading.default\">\n\t\t\t\t<div class=\"elementor-widget-container\">\n\t\t\t<h2 class=\"elementor-heading-title elementor-size-default\">Augmented Reality<\/h2>\t\t<\/div>\n\t\t\t\t<\/div>\n\t\t\t\t<div class=\"elementor-element elementor-element-b38307a elementor-view-default elementor-widget elementor-widget-icon\" data-id=\"b38307a\" data-element_type=\"widget\" data-widget_type=\"icon.default\">\n\t\t\t\t<div class=\"elementor-widget-container\">\n\t\t\t\t\t<div class=\"elementor-icon-wrapper\">\n\t\t\t<div class=\"elementor-icon\">\n\t\t\t<i aria-hidden=\"true\" class=\"far fa-arrow-alt-circle-down\"><\/i>\t\t\t<\/div>\n\t\t<\/div>\n\t\t\t\t<\/div>\n\t\t\t\t<\/div>\n\t\t\t\t\t<\/div>\n\t\t<\/div>\n\t\t\t\t\t\t\t<\/div>\n\t\t<\/section>\n\t\t\t\t<section class=\"elementor-section elementor-top-section elementor-element elementor-element-6982620 elementor-section-boxed elementor-section-height-default elementor-section-height-default\" data-id=\"6982620\" data-element_type=\"section\" data-settings=\"{&quot;jet_parallax_layout_list&quot;:[]}\">\n\t\t\t\t\t\t<div class=\"elementor-container elementor-column-gap-default\">\n\t\t\t\t\t<div class=\"elementor-column elementor-col-100 elementor-top-column elementor-element elementor-element-6b7f31e\" data-id=\"6b7f31e\" data-element_type=\"column\">\n\t\t\t<div class=\"elementor-widget-wrap\">\n\t\t\t\t\t\t\t\t\t<\/div>\n\t\t<\/div>\n\t\t\t\t\t\t\t<\/div>\n\t\t<\/section>\n\t\t\t\t<section class=\"elementor-section elementor-top-section elementor-element elementor-element-f9510cf elementor-section-boxed elementor-section-height-default elementor-section-height-default\" data-id=\"f9510cf\" data-element_type=\"section\" data-settings=\"{&quot;jet_parallax_layout_list&quot;:[]}\">\n\t\t\t\t\t\t<div class=\"elementor-container elementor-column-gap-default\">\n\t\t\t\t\t<div class=\"elementor-column elementor-col-100 elementor-top-column elementor-element elementor-element-9cbfee6\" data-id=\"9cbfee6\" data-element_type=\"column\" data-settings=\"{&quot;background_background&quot;:&quot;classic&quot;}\">\n\t\t\t<div class=\"elementor-widget-wrap elementor-element-populated\">\n\t\t\t\t\t\t\t\t<div class=\"elementor-element elementor-element-18806a2 elementor-widget elementor-widget-text-editor\" data-id=\"18806a2\" data-element_type=\"widget\" data-widget_type=\"text-editor.default\">\n\t\t\t\t<div class=\"elementor-widget-container\">\n\t\t\t<style>\/*! elementor - v3.12.1 - 02-04-2023 *\/\n.elementor-widget-text-editor.elementor-drop-cap-view-stacked .elementor-drop-cap{background-color:#69727d;color:#fff}.elementor-widget-text-editor.elementor-drop-cap-view-framed .elementor-drop-cap{color:#69727d;border:3px solid;background-color:transparent}.elementor-widget-text-editor:not(.elementor-drop-cap-view-default) .elementor-drop-cap{margin-top:8px}.elementor-widget-text-editor:not(.elementor-drop-cap-view-default) .elementor-drop-cap-letter{width:1em;height:1em}.elementor-widget-text-editor .elementor-drop-cap{float:left;text-align:center;line-height:1;font-size:50px}.elementor-widget-text-editor .elementor-drop-cap-letter{display:inline-block}<\/style>\t\t\t\t<h4>Areas of use for utility companies<\/h4><p>The changing workforce of technicians and the retirement of experienced staff results in experience-based network work being relegated to the background.  Due to efficiency improvement and work organization aspects, utility technicians are required to work in wider areas and their local insights are becoming less advantageous. The solution is to provide the information collected and stored by the company, using the corresponding IT tools, that are needed to perform these tasks. A solution to this could be the application of so-called augmented reality, which is already known in other sectors.<\/p>\t\t\t\t\t\t<\/div>\n\t\t\t\t<\/div>\n\t\t\t\t<div class=\"elementor-element elementor-element-916a9d5 elementor-widget elementor-widget-video\" data-id=\"916a9d5\" data-element_type=\"widget\" data-settings=\"{&quot;youtube_url&quot;:&quot;https:\\\/\\\/www.youtube.com\\\/embed\\\/VYVz99ZjnPk?feature=oembed&amp;amp&quot;,&quot;video_type&quot;:&quot;youtube&quot;,&quot;controls&quot;:&quot;yes&quot;}\" data-widget_type=\"video.default\">\n\t\t\t\t<div class=\"elementor-widget-container\">\n\t\t\t<style>\/*! elementor - v3.12.1 - 02-04-2023 *\/\n.elementor-widget-video .elementor-widget-container{overflow:hidden;transform:translateZ(0)}.elementor-widget-video .elementor-wrapper iframe,.elementor-widget-video .elementor-wrapper video{height:100%;width:100%;display:flex;border:none;background-color:#000}.elementor-widget-video .elementor-open-inline .elementor-custom-embed-image-overlay{position:absolute;top:0;left:0;width:100%;height:100%;background-size:cover;background-position:50%}.elementor-widget-video .elementor-custom-embed-image-overlay{cursor:pointer;text-align:center}.elementor-widget-video .elementor-custom-embed-image-overlay:hover .elementor-custom-embed-play i{opacity:1}.elementor-widget-video .elementor-custom-embed-image-overlay img{display:block;width:100%}.elementor-widget-video .e-hosted-video .elementor-video{-o-object-fit:cover;object-fit:cover}.e-con-inner>.elementor-widget-video,.e-con>.elementor-widget-video{width:var(--container-widget-width);--flex-grow:var(--container-widget-flex-grow)}<\/style>\t\t<div class=\"elementor-wrapper elementor-open-inline\">\n\t\t\t<div class=\"elementor-video\"><\/div>\t\t<\/div>\n\t\t\t\t<\/div>\n\t\t\t\t<\/div>\n\t\t\t\t<div class=\"elementor-element elementor-element-b2ed203 elementor-widget elementor-widget-text-editor\" data-id=\"b2ed203\" data-element_type=\"widget\" data-widget_type=\"text-editor.default\">\n\t\t\t\t<div class=\"elementor-widget-container\">\n\t\t\t\t\t\t\t<h3>How does it work?<\/h3><p>In the case of public utility companies, the areas of use of AR systems based on absolute positioning, always include different ways of supporting on-site work in all cases. The most basic application is displaying a specific network segment in real space as a complement to the two-dimensional map. This is particularly useful if the given devices and wires are not visible. The AR system can help in:<\/p><ul><li>Determining the relative position to actual landmarks<\/li><li>On-site visualization of other utility lines<\/li><li>Display of important properties and additional information on the given devices, wires, or in their environment<\/li><\/ul><p>Additional areas of use may include supporting fieldwork as follows:<\/p><ul><li>Determining the relative position to actual landmarks<\/li><li>On-site visualization of other utility lines<\/li><li>Display of important properties and additional information on the given devices, wires, or in their environment<\/li><\/ul><p class=\" translation-block\">An example of a vibration-based AR system is the life-saving aspect, e.g. indicating the location of a high-voltage cable during groundworks. This system will be optimized for wearable smart devices (clothing) in the future. Augmented Reality systems can work both offline and online. Dispatchers from the center can monitor the worker\u2019s camera image live and place messages and image tags in the worker\u2019s area of vision as a two-way communication channel. With this method, some of the traditional communication channels can also be replaced.<\/p>\t\t\t\t\t\t<\/div>\n\t\t\t\t<\/div>\n\t\t\t\t\t<\/div>\n\t\t<\/div>\n\t\t\t\t\t\t\t<\/div>\n\t\t<\/section>\n\t\t\t\t\t\t\t<\/div>","protected":false},"excerpt":{"rendered":"<p>AR &#8211; Augmented Reality Kiterjesztett val\u00f3s\u00e1g Felhaszn\u00e1l\u00e1si lehet\u0151s\u00e9gek k\u00f6zm\u0171v\u00e1llalatok eset\u00e9ben A szerel\u0151i \u00e1llom\u00e1ny v\u00e1ltoz\u00e1sa, a tapasztalt koll\u00e9g\u00e1k nyugd\u00edjba vonul\u00e1sa a tapasztalati alap\u00fa h\u00e1l\u00f3zati munkav\u00e9gz\u00e9s h\u00e1tt\u00e9rbe szorul\u00e1s\u00e1t eredm\u00e9nyezi. A hat\u00e9konys\u00e1g jav\u00edt\u00e1si \u00e9s munkaszervez\u00e9si szempontok miatt a h\u00e1l\u00f3zati szerel\u0151knek egyre nagyobb ter\u00fcleteken kell tev\u00e9kenykedni\u00fck, ez\u00e9rt a helyismeret\u00fck az esetek egyre kisebb sz\u00e1zal\u00e9k\u00e1ban tudja seg\u00edteni \u0151ket feladataik elv\u00e9gz\u00e9s\u00e9ben. [&hellip;]<\/p>","protected":false},"author":1,"featured_media":0,"parent":0,"menu_order":0,"comment_status":"closed","ping_status":"closed","template":"","meta":{"footnotes":""},"class_list":["post-20","page","type-page","status-publish","hentry"],"_links":{"self":[{"href":"https:\/\/www.geometria.hu\/en\/wp-json\/wp\/v2\/pages\/20","targetHints":{"allow":["GET"]}}],"collection":[{"href":"https:\/\/www.geometria.hu\/en\/wp-json\/wp\/v2\/pages"}],"about":[{"href":"https:\/\/www.geometria.hu\/en\/wp-json\/wp\/v2\/types\/page"}],"author":[{"embeddable":true,"href":"https:\/\/www.geometria.hu\/en\/wp-json\/wp\/v2\/users\/1"}],"replies":[{"embeddable":true,"href":"https:\/\/www.geometria.hu\/en\/wp-json\/wp\/v2\/comments?post=20"}],"version-history":[{"count":6,"href":"https:\/\/www.geometria.hu\/en\/wp-json\/wp\/v2\/pages\/20\/revisions"}],"predecessor-version":[{"id":775,"href":"https:\/\/www.geometria.hu\/en\/wp-json\/wp\/v2\/pages\/20\/revisions\/775"}],"wp:attachment":[{"href":"https:\/\/www.geometria.hu\/en\/wp-json\/wp\/v2\/media?parent=20"}],"curies":[{"name":"wp","href":"https:\/\/api.w.org\/{rel}","templated":true}]}}