{"id":22,"date":"2023-01-13T11:45:44","date_gmt":"2023-01-13T11:45:44","guid":{"rendered":"https:\/\/geometria.hu\/?page_id=22"},"modified":"2025-03-14T14:27:42","modified_gmt":"2025-03-14T14:27:42","slug":"mirtusz","status":"publish","type":"page","link":"https:\/\/www.geometria.hu\/en\/mirtusz\/","title":{"rendered":"MIRTUSZ"},"content":{"rendered":"<div data-elementor-type=\"wp-page\" data-elementor-id=\"22\" class=\"elementor elementor-22\">\n\t\t\t\t\t\t\t\t\t<section class=\"elementor-section elementor-top-section elementor-element elementor-element-aa1e818 elementor-section-height-min-height elementor-section-boxed elementor-section-height-default elementor-section-items-middle\" data-id=\"aa1e818\" data-element_type=\"section\" data-settings=\"{&quot;background_background&quot;:&quot;classic&quot;,&quot;jet_parallax_layout_list&quot;:[]}\">\n\t\t\t\t\t\t\t<div class=\"elementor-background-overlay\"><\/div>\n\t\t\t\t\t\t\t<div class=\"elementor-container elementor-column-gap-default\">\n\t\t\t\t\t<div class=\"elementor-column elementor-col-100 elementor-top-column elementor-element elementor-element-c8edc0a\" data-id=\"c8edc0a\" data-element_type=\"column\">\n\t\t\t<div class=\"elementor-widget-wrap elementor-element-populated\">\n\t\t\t\t\t\t\t\t<div class=\"elementor-element elementor-element-6592280 elementor-widget elementor-widget-heading\" data-id=\"6592280\" data-element_type=\"widget\" data-widget_type=\"heading.default\">\n\t\t\t\t<div class=\"elementor-widget-container\">\n\t\t\t<style>\/*! elementor - v3.12.1 - 02-04-2023 *\/\n.elementor-heading-title{padding:0;margin:0;line-height:1}.elementor-widget-heading .elementor-heading-title[class*=elementor-size-]>a{color:inherit;font-size:inherit;line-height:inherit}.elementor-widget-heading .elementor-heading-title.elementor-size-small{font-size:15px}.elementor-widget-heading .elementor-heading-title.elementor-size-medium{font-size:19px}.elementor-widget-heading .elementor-heading-title.elementor-size-large{font-size:29px}.elementor-widget-heading .elementor-heading-title.elementor-size-xl{font-size:39px}.elementor-widget-heading .elementor-heading-title.elementor-size-xxl{font-size:59px}<\/style><h2 class=\"elementor-heading-title elementor-size-default\">MIRTUSZ<\/h2>\t\t<\/div>\n\t\t\t\t<\/div>\n\t\t\t\t<div class=\"elementor-element elementor-element-a7e1ae1 elementor-widget__width-initial elementor-widget elementor-widget-heading\" data-id=\"a7e1ae1\" data-element_type=\"widget\" data-widget_type=\"heading.default\">\n\t\t\t\t<div class=\"elementor-widget-container\">\n\t\t\t<h2 class=\"elementor-heading-title elementor-size-default\">Workforce Management System<\/h2>\t\t<\/div>\n\t\t\t\t<\/div>\n\t\t\t\t<div class=\"elementor-element elementor-element-e664184 elementor-view-default elementor-widget elementor-widget-icon\" data-id=\"e664184\" data-element_type=\"widget\" data-widget_type=\"icon.default\">\n\t\t\t\t<div class=\"elementor-widget-container\">\n\t\t\t\t\t<div class=\"elementor-icon-wrapper\">\n\t\t\t<div class=\"elementor-icon\">\n\t\t\t<i aria-hidden=\"true\" class=\"far fa-arrow-alt-circle-down\"><\/i>\t\t\t<\/div>\n\t\t<\/div>\n\t\t\t\t<\/div>\n\t\t\t\t<\/div>\n\t\t\t\t\t<\/div>\n\t\t<\/div>\n\t\t\t\t\t\t\t<\/div>\n\t\t<\/section>\n\t\t\t\t<section class=\"elementor-section elementor-top-section elementor-element elementor-element-c93d54e elementor-section-boxed elementor-section-height-default elementor-section-height-default\" data-id=\"c93d54e\" data-element_type=\"section\" data-settings=\"{&quot;jet_parallax_layout_list&quot;:[]}\">\n\t\t\t\t\t\t<div class=\"elementor-container elementor-column-gap-default\">\n\t\t\t\t\t<div class=\"elementor-column elementor-col-100 elementor-top-column elementor-element elementor-element-82e47c3\" data-id=\"82e47c3\" data-element_type=\"column\">\n\t\t\t<div class=\"elementor-widget-wrap\">\n\t\t\t\t\t\t\t\t\t<\/div>\n\t\t<\/div>\n\t\t\t\t\t\t\t<\/div>\n\t\t<\/section>\n\t\t\t\t<section class=\"elementor-section elementor-top-section elementor-element elementor-element-7d0642c elementor-section-boxed elementor-section-height-default elementor-section-height-default\" data-id=\"7d0642c\" data-element_type=\"section\" data-settings=\"{&quot;jet_parallax_layout_list&quot;:[]}\">\n\t\t\t\t\t\t<div class=\"elementor-container elementor-column-gap-default\">\n\t\t\t\t\t<div class=\"elementor-column elementor-col-100 elementor-top-column elementor-element elementor-element-6dfde5f\" data-id=\"6dfde5f\" data-element_type=\"column\" data-settings=\"{&quot;background_background&quot;:&quot;classic&quot;}\">\n\t\t\t<div class=\"elementor-widget-wrap elementor-element-populated\">\n\t\t\t\t\t\t\t\t<div class=\"elementor-element elementor-element-9c1eef4 elementor-widget elementor-widget-text-editor\" data-id=\"9c1eef4\" data-element_type=\"widget\" data-widget_type=\"text-editor.default\">\n\t\t\t\t<div class=\"elementor-widget-container\">\n\t\t\t<style>\/*! elementor - v3.12.1 - 02-04-2023 *\/\n.elementor-widget-text-editor.elementor-drop-cap-view-stacked .elementor-drop-cap{background-color:#69727d;color:#fff}.elementor-widget-text-editor.elementor-drop-cap-view-framed .elementor-drop-cap{color:#69727d;border:3px solid;background-color:transparent}.elementor-widget-text-editor:not(.elementor-drop-cap-view-default) .elementor-drop-cap{margin-top:8px}.elementor-widget-text-editor:not(.elementor-drop-cap-view-default) .elementor-drop-cap-letter{width:1em;height:1em}.elementor-widget-text-editor .elementor-drop-cap{float:left;text-align:center;line-height:1;font-size:50px}.elementor-widget-text-editor .elementor-drop-cap-letter{display:inline-block}<\/style>\t\t\t\t<h3>Why use MIRTUSZ?<\/h3><p>Deploying MIRTUSZ helps to improve the efficiency of network-based operations and work management, as well as troubleshoot and eliminate operating failures including:<\/p><ul><li>Quality improvement of the central telephone customer service<\/li><li>Optimization of mechanic resource management<\/li><li>Supporting corporate cost accounting<\/li><li>Reducing network operating costs<\/li><\/ul><h3>Solution<\/h3><p>MIRTUSZ is an advanced modular Workforce Management System that can be flexibly aligned with the needs of various public utility suppliers. The following modules can be fully integrated with the company's IT infrastructure allowing them to interoperate with business applications (SAP), public network registry (GIS), vehicle tracking, and operation management (SCADA) systems.<\/p><h4>Customer Service Module<\/h4><p>Enables the recording, and management of inbound notifications to the customer service centers from various channels, and forwards them to the local supervisors.<\/p><ul><li>The modules are accessible via a web browser.<\/li><li>It can also be integrated into the SAP customer support system.<\/li><li>Its features help administrators handle reports quickly and efficiently.<\/li><li>It works in conjunction with SAP and GIS systems to enable network identification of the customer's metering location.<\/li><li>Allows scheduling appointments according to the current capacity of the technicians.<\/li><li>Allows informing the customer of ongoing repairs or the expected time of service restoration.<\/li><\/ul><h4>Central Work Control Module<\/h4><p class=\" translation-block\">It covers the management of human and material resources. Its core function is to assign, and monitor the work to be carried out on the network as well as to record the costs. It supports the management of human and material resources:<\/p><ul><li>In conjunction with HR systems, it helps organize maintenance teams, record working hours, monitor the availability, and performance of these teams.<\/li><li>The map of the actual network, the location of ongoing and planned jobs, and the current position of the teams and their vehicles can be displayed with GIS systems.<\/li><li>Integrated with inventory and warehouse management systems, it is possible to process the devices and materials needed from purchase to disposal in a secure electronic system.<\/li><li>Integrated with the vehicle tracking system, it can also keep a daily record of vehicles available for deployment, and the mileage records for a job can be synchronized between the two systems.<\/li><li>The module is designed to generate and manage time and attendance data, supporting the payroll and timesheet processing functions of the ERP system in real time.<\/li><\/ul><p>As a result, operations, maintenance, and repair tasks can be scheduled and managed quickly, flexibly, and cost-effectively.<\/p><h4>Automatic Scheduling Module<\/h4><p class=\" translation-block\">With this module, the work assignment process becomes entirely automated in most cases. The task scheduling, the selection and allocation of the required resources, and the issue of electronic worksheets to the technicians are fully automated. It supports efficient resource management by minimizing travel, downtime, and delays. Tasks are allocated by optimizing parameterizable objective functions according to corporate priorities. The module is designed to consider the urgency, importance, length, geographic location of, and required expertise, materials, and equipment for the jobs to be completed.\nThe periodic optimization of the process ensures that the work is rescheduled for any delays, unexpected events, or emergency situations to be managed quickly.<\/p><h4>Mobile Module for Technicians<\/h4><p class=\" translation-block\">Along with the launch of the MIRTUSZ system, field workers can also be equipped with a mobile device. The user interface of the module is designed to meet the specific requirements of the application in the field with large icons and a simplified touchscreen to assist work.\nThe technicians report on the work performed, the key data related to the work, the used materials, and the time required using the mobile devices. Based on this data, cost settlement can be carried out. With the mobile device, the technician has access to the entire technical database of the network registry on site, and can also correct any inaccuracies in the GIS system by recording his own GPS coordinates.\n<br><br>\nOnce the maintenance teams have started shifts on their mobile devices, they are automatically assigned tasks to by the system. Timestamps indicate the acknowledgment of the job, the time of arrival on site, the start, any suspension, and completion of the tasks. The work is completed by recording the necessary data. The automatic resource allocation system will always reschedule the job assignments according to the work already carried out and to any emergency response tasks arisen.\n<br><br>\nThe mobile device can be an industrial design, a touch screen device, or a standard tablet. The mobile MIRTUSZ application offers a number of additional features that assist technicians in the field: for example, they can review the safety regulations, manuals and technical specifications, and other training content on a variety of multimedia platforms. The technicians can also record images, audio, and video on-site, for example, to document defects and other issues, or to alert other technicians. It is possible to automatically record and share the routes to hard-to-reach objects.<\/p><h4>Integrated Mobile GIS<\/h4><p class=\" translation-block\">The mobile GIS application is a technical inventory system developed for mobile devices used in the field, and adapted to specific field conditions with operation without a mouse and keyboard, a clear interface, and versatile map support. The module can function as a stand-alone application but is most effective when integrated with the mobile MIRTUSZ.\nLaunched from MIRTUSZ, it automatically displays the entire network in the vicinity of the defect location. The most basic graphic functions (zoom in, zoom out, move, etc.) can be performed with simple finger gestures. It is also possible to query data sheets, mark supply routes or supply areas, and search by postal address or by an object. Navigation is supported by several types of maps, namely:<\/p><ul><li>The original map of the network registry;<\/li><li>Tourist map;<\/li><li>Google street map, or even<\/li><li>Google satellite image.<\/li><\/ul><p>With Mobile GIS, technicians can access all the information they need in the field, improving the speed, quality, and safety of their work significantly.<\/p><h4>Operation Control Module<\/h4><p>This module allows integration between MIRTUSZ and the industrial control system (SCADA). The features of both systems are displayed in a single user interface. The MIRTUSZ functions available to operations managers are for requesting and managing prompt technician intervention during outages. The direct management of the maintenance teams required to respond to a breakdown is thus transferred to the operations managers. Outside working hours, the contact details of on-call technicians and supervisors can be displayed on the module.<\/p><h4>Business Intelligence Module<\/h4><p>This report-generating module provides reports, summaries, and statistics according to corporate needs based on the database of the MIRTUSZ Technical Workforce Management and related systems. The module was developed using the ORACLE BI tool, therefore it\u2019s accessible from a browser. The array of reports, statements, and statistics can be extended as required.<\/p><h4>WPC Module<\/h4><p>The Wide Partner Cooperation module is designed for utility companies that rely on external partners for network maintenance but wish to work through the MIRTUSZ system. For this, a new web-based module has been developed that is accessible both from partner offices and from the mobile devices of the partner technicians. The application consists of three sub-modules:<\/p><ul><li>Simplified workforce management;<\/li><li>Reduced implementation time and thus more efficient operation;<\/li><li>In the third sub-module, the partner technicians receive task assignments and report on the jobs completed.<\/li><\/ul><p class=\" translation-block\">he system records the key data of the partner contracts (type of work, area and time limits, unit price, etc.). Based on this data, the program automatically allocates the tasks using a weighing algorithm so the work is always assigned to the partner who can do it best and most efficiently.\nThe partners can use their own platforms to notify consumers of the expected time of completion of the maintenance work. If the consumer requests an appointment for a job, customer service can offer an appointment from all available resources. If the partner does not have the capacity for the time requested, the work can be assigned to another partner.<\/p><h3>Results<\/h3><p>The results of MIRTUSZ system\u2019s deployment are summarised below:<\/p><ul><li>Simplified workforce management;<\/li><li>Reduced implementation time and thus more efficient operation;<\/li><li>Improved control using timestamps;<\/li><li>More economic use of resources;<\/li><li>More accurate cost control;<\/li><li>Comprehensive and reliable information to support corporate decision-making.<\/li><\/ul>\t\t\t\t\t\t<\/div>\n\t\t\t\t<\/div>\n\t\t\t\t\t<\/div>\n\t\t<\/div>\n\t\t\t\t\t\t\t<\/div>\n\t\t<\/section>\n\t\t\t\t\t\t\t<\/div>","protected":false},"excerpt":{"rendered":"<p>MIRTUSZ Munkair\u00e1ny\u00edt\u00e1si rendszer Bevezet\u00e9s c\u00e9lja A h\u00e1l\u00f3zati munkav\u00e9gz\u00e9s \u00e9s munkair\u00e1ny\u00edt\u00e1s, valamint a hiba- \u00e9s \u00fczemzavar elh\u00e1r\u00edt\u00e1s hat\u00e9konys\u00e1g\u00e1nak jav\u00edt\u00e1sa, ezen bel\u00fcl: a k\u00f6zponti telefonos \u00fcgyf\u00e9lszolg\u00e1lat sz\u00ednvonal\u00e1nak jav\u00edt\u00e1sa, a szerel\u0151i er\u0151forr\u00e1s-gazd\u00e1lkod\u00e1s optimaliz\u00e1l\u00e1sa, a v\u00e1llalati k\u00f6lts\u00e9g elsz\u00e1mol\u00e1s t\u00e1mogat\u00e1sa, v\u00e9gs\u0151 soron a h\u00e1l\u00f3zat \u00fczemeltet\u00e9si k\u00f6lts\u00e9geinek cs\u00f6kkent\u00e9se. Megold\u00e1s A MIRTUSZ modul\u00e1ris fel\u00e9p\u00edt\u00e9s\u0171 rendszer, amely rugalmasan alak\u00edthat\u00f3 a k\u00fcl\u00f6nb\u00f6z\u0151 k\u00f6zm\u0171szolg\u00e1ltat\u00f3k elt\u00e9r\u0151 [&hellip;]<\/p>","protected":false},"author":1,"featured_media":0,"parent":0,"menu_order":0,"comment_status":"closed","ping_status":"closed","template":"","meta":{"footnotes":""},"class_list":["post-22","page","type-page","status-publish","hentry"],"_links":{"self":[{"href":"https:\/\/www.geometria.hu\/en\/wp-json\/wp\/v2\/pages\/22","targetHints":{"allow":["GET"]}}],"collection":[{"href":"https:\/\/www.geometria.hu\/en\/wp-json\/wp\/v2\/pages"}],"about":[{"href":"https:\/\/www.geometria.hu\/en\/wp-json\/wp\/v2\/types\/page"}],"author":[{"embeddable":true,"href":"https:\/\/www.geometria.hu\/en\/wp-json\/wp\/v2\/users\/1"}],"replies":[{"embeddable":true,"href":"https:\/\/www.geometria.hu\/en\/wp-json\/wp\/v2\/comments?post=22"}],"version-history":[{"count":9,"href":"https:\/\/www.geometria.hu\/en\/wp-json\/wp\/v2\/pages\/22\/revisions"}],"predecessor-version":[{"id":769,"href":"https:\/\/www.geometria.hu\/en\/wp-json\/wp\/v2\/pages\/22\/revisions\/769"}],"wp:attachment":[{"href":"https:\/\/www.geometria.hu\/en\/wp-json\/wp\/v2\/media?parent=22"}],"curies":[{"name":"wp","href":"https:\/\/api.w.org\/{rel}","templated":true}]}}