{"id":24,"date":"2023-01-13T11:45:59","date_gmt":"2023-01-13T11:45:59","guid":{"rendered":"https:\/\/geometria.hu\/?page_id=24"},"modified":"2025-03-14T14:26:29","modified_gmt":"2025-03-14T14:26:29","slug":"mirtusz-watch","status":"publish","type":"page","link":"https:\/\/www.geometria.hu\/en\/mirtusz-watch\/","title":{"rendered":"MIRTUSZ Watch"},"content":{"rendered":"<div data-elementor-type=\"wp-page\" data-elementor-id=\"24\" class=\"elementor elementor-24\">\n\t\t\t\t\t\t\t\t\t<section class=\"elementor-section elementor-top-section elementor-element elementor-element-38d730b elementor-section-height-min-height elementor-section-boxed elementor-section-height-default elementor-section-items-middle\" data-id=\"38d730b\" data-element_type=\"section\" data-settings=\"{&quot;background_background&quot;:&quot;classic&quot;,&quot;jet_parallax_layout_list&quot;:[]}\">\n\t\t\t\t\t\t\t<div class=\"elementor-background-overlay\"><\/div>\n\t\t\t\t\t\t\t<div class=\"elementor-container elementor-column-gap-default\">\n\t\t\t\t\t<div class=\"elementor-column elementor-col-100 elementor-top-column elementor-element elementor-element-4c0ba27\" data-id=\"4c0ba27\" data-element_type=\"column\">\n\t\t\t<div class=\"elementor-widget-wrap elementor-element-populated\">\n\t\t\t\t\t\t\t\t<div class=\"elementor-element elementor-element-2c6fe6b elementor-widget elementor-widget-heading\" data-id=\"2c6fe6b\" data-element_type=\"widget\" data-widget_type=\"heading.default\">\n\t\t\t\t<div class=\"elementor-widget-container\">\n\t\t\t<style>\/*! elementor - v3.12.1 - 02-04-2023 *\/\n.elementor-heading-title{padding:0;margin:0;line-height:1}.elementor-widget-heading .elementor-heading-title[class*=elementor-size-]>a{color:inherit;font-size:inherit;line-height:inherit}.elementor-widget-heading .elementor-heading-title.elementor-size-small{font-size:15px}.elementor-widget-heading .elementor-heading-title.elementor-size-medium{font-size:19px}.elementor-widget-heading .elementor-heading-title.elementor-size-large{font-size:29px}.elementor-widget-heading .elementor-heading-title.elementor-size-xl{font-size:39px}.elementor-widget-heading .elementor-heading-title.elementor-size-xxl{font-size:59px}<\/style><h2 class=\"elementor-heading-title elementor-size-default\">MIRTUSZ Watch - every minute counts<\/h2>\t\t<\/div>\n\t\t\t\t<\/div>\n\t\t\t\t<div class=\"elementor-element elementor-element-a28ecb8 elementor-widget__width-initial elementor-widget elementor-widget-heading\" data-id=\"a28ecb8\" data-element_type=\"widget\" data-widget_type=\"heading.default\">\n\t\t\t\t<div class=\"elementor-widget-container\">\n\t\t\t<h2 class=\"elementor-heading-title elementor-size-default\">A separate module of the MIRTUSZ work management system<\/h2>\t\t<\/div>\n\t\t\t\t<\/div>\n\t\t\t\t<div class=\"elementor-element elementor-element-2ce4194 elementor-view-default elementor-widget elementor-widget-icon\" data-id=\"2ce4194\" data-element_type=\"widget\" data-widget_type=\"icon.default\">\n\t\t\t\t<div class=\"elementor-widget-container\">\n\t\t\t\t\t<div class=\"elementor-icon-wrapper\">\n\t\t\t<div class=\"elementor-icon\">\n\t\t\t<i aria-hidden=\"true\" class=\"far fa-arrow-alt-circle-down\"><\/i>\t\t\t<\/div>\n\t\t<\/div>\n\t\t\t\t<\/div>\n\t\t\t\t<\/div>\n\t\t\t\t\t<\/div>\n\t\t<\/div>\n\t\t\t\t\t\t\t<\/div>\n\t\t<\/section>\n\t\t\t\t<section class=\"elementor-section elementor-top-section elementor-element elementor-element-edbbae7 elementor-section-boxed elementor-section-height-default elementor-section-height-default\" data-id=\"edbbae7\" data-element_type=\"section\" data-settings=\"{&quot;jet_parallax_layout_list&quot;:[]}\">\n\t\t\t\t\t\t<div class=\"elementor-container elementor-column-gap-default\">\n\t\t\t\t\t<div class=\"elementor-column elementor-col-100 elementor-top-column elementor-element elementor-element-4b32077\" data-id=\"4b32077\" data-element_type=\"column\">\n\t\t\t<div class=\"elementor-widget-wrap\">\n\t\t\t\t\t\t\t\t\t<\/div>\n\t\t<\/div>\n\t\t\t\t\t\t\t<\/div>\n\t\t<\/section>\n\t\t\t\t<section class=\"elementor-section elementor-top-section elementor-element elementor-element-c4641ba elementor-section-boxed elementor-section-height-default elementor-section-height-default\" data-id=\"c4641ba\" data-element_type=\"section\" data-settings=\"{&quot;jet_parallax_layout_list&quot;:[]}\">\n\t\t\t\t\t\t<div class=\"elementor-container elementor-column-gap-default\">\n\t\t\t\t\t<div class=\"elementor-column elementor-col-100 elementor-top-column elementor-element elementor-element-1890180\" data-id=\"1890180\" data-element_type=\"column\" data-settings=\"{&quot;background_background&quot;:&quot;classic&quot;}\">\n\t\t\t<div class=\"elementor-widget-wrap elementor-element-populated\">\n\t\t\t\t\t\t\t\t<div class=\"elementor-element elementor-element-647db55 elementor-widget elementor-widget-text-editor\" data-id=\"647db55\" data-element_type=\"widget\" data-widget_type=\"text-editor.default\">\n\t\t\t\t<div class=\"elementor-widget-container\">\n\t\t\t<style>\/*! elementor - v3.12.1 - 02-04-2023 *\/\n.elementor-widget-text-editor.elementor-drop-cap-view-stacked .elementor-drop-cap{background-color:#69727d;color:#fff}.elementor-widget-text-editor.elementor-drop-cap-view-framed .elementor-drop-cap{color:#69727d;border:3px solid;background-color:transparent}.elementor-widget-text-editor:not(.elementor-drop-cap-view-default) .elementor-drop-cap{margin-top:8px}.elementor-widget-text-editor:not(.elementor-drop-cap-view-default) .elementor-drop-cap-letter{width:1em;height:1em}.elementor-widget-text-editor .elementor-drop-cap{float:left;text-align:center;line-height:1;font-size:50px}.elementor-widget-text-editor .elementor-drop-cap-letter{display:inline-block}<\/style>\t\t\t\t<h3>MIRTUSZ Watch<\/h3><ul><li>Safer work<\/li><li>Direct, fast communication<\/li><li>Collaborative tools<\/li><\/ul>\t\t\t\t\t\t<\/div>\n\t\t\t\t<\/div>\n\t\t\t\t<div class=\"elementor-element elementor-element-3fbed73 elementor-widget elementor-widget-video\" data-id=\"3fbed73\" data-element_type=\"widget\" data-settings=\"{&quot;youtube_url&quot;:&quot;https:\\\/\\\/youtu.be\\\/B9UpQnQ5p9w&quot;,&quot;video_type&quot;:&quot;youtube&quot;,&quot;controls&quot;:&quot;yes&quot;}\" data-widget_type=\"video.default\">\n\t\t\t\t<div class=\"elementor-widget-container\">\n\t\t\t<style>\/*! elementor - v3.12.1 - 02-04-2023 *\/\n.elementor-widget-video .elementor-widget-container{overflow:hidden;transform:translateZ(0)}.elementor-widget-video .elementor-wrapper iframe,.elementor-widget-video .elementor-wrapper video{height:100%;width:100%;display:flex;border:none;background-color:#000}.elementor-widget-video .elementor-open-inline .elementor-custom-embed-image-overlay{position:absolute;top:0;left:0;width:100%;height:100%;background-size:cover;background-position:50%}.elementor-widget-video .elementor-custom-embed-image-overlay{cursor:pointer;text-align:center}.elementor-widget-video .elementor-custom-embed-image-overlay:hover .elementor-custom-embed-play i{opacity:1}.elementor-widget-video .elementor-custom-embed-image-overlay img{display:block;width:100%}.elementor-widget-video .e-hosted-video .elementor-video{-o-object-fit:cover;object-fit:cover}.e-con-inner>.elementor-widget-video,.e-con>.elementor-widget-video{width:var(--container-widget-width);--flex-grow:var(--container-widget-flex-grow)}<\/style>\t\t<div class=\"elementor-wrapper elementor-open-inline\">\n\t\t\t<div class=\"elementor-video\"><\/div>\t\t<\/div>\n\t\t\t\t<\/div>\n\t\t\t\t<\/div>\n\t\t\t\t<div class=\"elementor-element elementor-element-0f4c211 elementor-widget elementor-widget-text-editor\" data-id=\"0f4c211\" data-element_type=\"widget\" data-widget_type=\"text-editor.default\">\n\t\t\t\t<div class=\"elementor-widget-container\">\n\t\t\t\t\t\t\t<h3>How does MIRTUSZ Watch work?<\/h3><h4>Work safety - automatic emergency messages, emergency calls<\/h4><p>The mechanic can send a signal for help in any situation with one click. Optionally, the safety function based on pulse measurement can be activated, which automatically sends an emergency message containing location and contact information to the center if abnormal vital signs are detected.<\/p><h4>\u00a0<\/h4><h4>Instant notifications \u2013 vibrating message alert, sound alert<\/h4><p>The vibrating signal of the watch worn on the wrist allows the mechanic to be notified immediately, even while working, by glancing at the watch when a message or a new job has arrived.<\/p><h4>Quick instructions - one-touch work control commands<\/h4><p>MIRTUSZ Watch application allows the mechanic to conveniently and quickly issue simple work control commands, which contributes to the recording of more accurate time stamps, thereby improving the efficiency of work planning.<\/p><h4>\u00a0<\/h4><h4>Mobility - use in difficult conditions<\/h4><p>The watch gives the mechanic the opportunity to use the support of the work management system in places where it would otherwise be difficult to do this with a traditional tool, such as on a pole or in a shaft. The mechanic can call the central work supervisor or another colleague without interrupting work.<\/p><h4>Integration \u2013 independent module with continuous online synchronization<\/h4><p class=\" translation-block\">MIRTUSZ Watch can be integrated into the central work management system as a separate module. Online synchronization allows all issued instructions to be automatically and instantly synchronized between devices and systems.<\/p>\t\t\t\t\t\t<\/div>\n\t\t\t\t<\/div>\n\t\t\t\t\t<\/div>\n\t\t<\/div>\n\t\t\t\t\t\t\t<\/div>\n\t\t<\/section>\n\t\t\t\t\t\t\t<\/div>","protected":false},"excerpt":{"rendered":"<p>MIRTUSZ Watch &#8211; minden perc sz\u00e1m\u00edt A MIRTUSZ munkair\u00e1ny\u00edt\u00e1si rendszer \u00f6n\u00e1ll\u00f3 modulja MIRTUSZ Watch Biztons\u00e1gosabb munkav\u00e9gz\u00e9s K\u00f6zvetlen, gyors kommunik\u00e1ci\u00f3 Egy\u00fcttm\u0171k\u00f6d\u0151 eszk\u00f6z\u00f6k https:\/\/youtu.be\/B9UpQnQ5p9w Hogyan m\u0171k\u00f6dik a MIRTUSZ Watch? Munkabiztons\u00e1g \u2013\u00a0automatikus v\u00e9szhelyzeti \u00fczenet, seg\u00e9lyk\u00e9r\u00e9s A szerel\u0151 b\u00e1rmilyen helyzetben, egy kattint\u00e1ssal tud seg\u00e9lyk\u00e9r\u00e9si jelz\u00e9st k\u00fcldeni. Opcion\u00e1lisan aktiv\u00e1lhat\u00f3 a pulzusm\u00e9r\u00e9s alap\u00fa biztons\u00e1gi funkci\u00f3, amely rendellenes \u00e9letjelek \u00e9szlel\u00e9se eset\u00e9n automatikusan [&hellip;]<\/p>","protected":false},"author":1,"featured_media":0,"parent":0,"menu_order":0,"comment_status":"closed","ping_status":"closed","template":"","meta":{"footnotes":""},"class_list":["post-24","page","type-page","status-publish","hentry"],"_links":{"self":[{"href":"https:\/\/www.geometria.hu\/en\/wp-json\/wp\/v2\/pages\/24","targetHints":{"allow":["GET"]}}],"collection":[{"href":"https:\/\/www.geometria.hu\/en\/wp-json\/wp\/v2\/pages"}],"about":[{"href":"https:\/\/www.geometria.hu\/en\/wp-json\/wp\/v2\/types\/page"}],"author":[{"embeddable":true,"href":"https:\/\/www.geometria.hu\/en\/wp-json\/wp\/v2\/users\/1"}],"replies":[{"embeddable":true,"href":"https:\/\/www.geometria.hu\/en\/wp-json\/wp\/v2\/comments?post=24"}],"version-history":[{"count":6,"href":"https:\/\/www.geometria.hu\/en\/wp-json\/wp\/v2\/pages\/24\/revisions"}],"predecessor-version":[{"id":766,"href":"https:\/\/www.geometria.hu\/en\/wp-json\/wp\/v2\/pages\/24\/revisions\/766"}],"wp:attachment":[{"href":"https:\/\/www.geometria.hu\/en\/wp-json\/wp\/v2\/media?parent=24"}],"curies":[{"name":"wp","href":"https:\/\/api.w.org\/{rel}","templated":true}]}}