{"id":26,"date":"2023-01-13T11:46:10","date_gmt":"2023-01-13T11:46:10","guid":{"rendered":"https:\/\/geometria.hu\/?page_id=26"},"modified":"2025-03-14T14:29:56","modified_gmt":"2025-03-14T14:29:56","slug":"berti","status":"publish","type":"page","link":"https:\/\/www.geometria.hu\/en\/berti\/","title":{"rendered":"BerTi"},"content":{"rendered":"<div data-elementor-type=\"wp-page\" data-elementor-id=\"26\" class=\"elementor elementor-26\">\n\t\t\t\t\t\t\t\t\t<section class=\"elementor-section elementor-top-section elementor-element elementor-element-86d3962 elementor-section-height-min-height elementor-section-boxed elementor-section-height-default elementor-section-items-middle\" data-id=\"86d3962\" data-element_type=\"section\" data-settings=\"{&quot;background_background&quot;:&quot;classic&quot;,&quot;jet_parallax_layout_list&quot;:[]}\">\n\t\t\t\t\t\t\t<div class=\"elementor-background-overlay\"><\/div>\n\t\t\t\t\t\t\t<div class=\"elementor-container elementor-column-gap-default\">\n\t\t\t\t\t<div class=\"elementor-column elementor-col-100 elementor-top-column elementor-element elementor-element-1c12443\" data-id=\"1c12443\" data-element_type=\"column\">\n\t\t\t<div class=\"elementor-widget-wrap elementor-element-populated\">\n\t\t\t\t\t\t\t\t<div class=\"elementor-element elementor-element-fc883cc elementor-widget elementor-widget-heading\" data-id=\"fc883cc\" data-element_type=\"widget\" data-widget_type=\"heading.default\">\n\t\t\t\t<div class=\"elementor-widget-container\">\n\t\t\t<style>\/*! elementor - v3.12.1 - 02-04-2023 *\/\n.elementor-heading-title{padding:0;margin:0;line-height:1}.elementor-widget-heading .elementor-heading-title[class*=elementor-size-]>a{color:inherit;font-size:inherit;line-height:inherit}.elementor-widget-heading .elementor-heading-title.elementor-size-small{font-size:15px}.elementor-widget-heading .elementor-heading-title.elementor-size-medium{font-size:19px}.elementor-widget-heading .elementor-heading-title.elementor-size-large{font-size:29px}.elementor-widget-heading .elementor-heading-title.elementor-size-xl{font-size:39px}.elementor-widget-heading .elementor-heading-title.elementor-size-xxl{font-size:59px}<\/style><h2 class=\"elementor-heading-title elementor-size-default\">BerTi<\/h2>\t\t<\/div>\n\t\t\t\t<\/div>\n\t\t\t\t<div class=\"elementor-element elementor-element-ed8e3c1 elementor-widget__width-initial elementor-widget elementor-widget-heading\" data-id=\"ed8e3c1\" data-element_type=\"widget\" data-widget_type=\"heading.default\">\n\t\t\t\t<div class=\"elementor-widget-container\">\n\t\t\t<h2 class=\"elementor-heading-title elementor-size-default\">Information System Supporting Investment Planning<\/h2>\t\t<\/div>\n\t\t\t\t<\/div>\n\t\t\t\t<div class=\"elementor-element elementor-element-ada8437 elementor-view-default elementor-widget elementor-widget-icon\" data-id=\"ada8437\" data-element_type=\"widget\" data-widget_type=\"icon.default\">\n\t\t\t\t<div class=\"elementor-widget-container\">\n\t\t\t\t\t<div class=\"elementor-icon-wrapper\">\n\t\t\t<div class=\"elementor-icon\">\n\t\t\t<i aria-hidden=\"true\" class=\"far fa-arrow-alt-circle-down\"><\/i>\t\t\t<\/div>\n\t\t<\/div>\n\t\t\t\t<\/div>\n\t\t\t\t<\/div>\n\t\t\t\t\t<\/div>\n\t\t<\/div>\n\t\t\t\t\t\t\t<\/div>\n\t\t<\/section>\n\t\t\t\t<section class=\"elementor-section elementor-top-section elementor-element elementor-element-736c21b elementor-section-boxed elementor-section-height-default elementor-section-height-default\" data-id=\"736c21b\" data-element_type=\"section\" data-settings=\"{&quot;jet_parallax_layout_list&quot;:[]}\">\n\t\t\t\t\t\t<div class=\"elementor-container elementor-column-gap-default\">\n\t\t\t\t\t<div class=\"elementor-column elementor-col-100 elementor-top-column elementor-element elementor-element-f906af3\" data-id=\"f906af3\" data-element_type=\"column\">\n\t\t\t<div class=\"elementor-widget-wrap\">\n\t\t\t\t\t\t\t\t\t<\/div>\n\t\t<\/div>\n\t\t\t\t\t\t\t<\/div>\n\t\t<\/section>\n\t\t\t\t<section class=\"elementor-section elementor-top-section elementor-element elementor-element-d3329cb elementor-section-boxed elementor-section-height-default elementor-section-height-default\" data-id=\"d3329cb\" data-element_type=\"section\" data-settings=\"{&quot;jet_parallax_layout_list&quot;:[]}\">\n\t\t\t\t\t\t<div class=\"elementor-container elementor-column-gap-default\">\n\t\t\t\t\t<div class=\"elementor-column elementor-col-100 elementor-top-column elementor-element elementor-element-ea2f1f8\" data-id=\"ea2f1f8\" data-element_type=\"column\" data-settings=\"{&quot;background_background&quot;:&quot;classic&quot;}\">\n\t\t\t<div class=\"elementor-widget-wrap elementor-element-populated\">\n\t\t\t\t\t\t\t\t<div class=\"elementor-element elementor-element-ab0535f elementor-widget elementor-widget-text-editor\" data-id=\"ab0535f\" data-element_type=\"widget\" data-widget_type=\"text-editor.default\">\n\t\t\t\t<div class=\"elementor-widget-container\">\n\t\t\t<style>\/*! elementor - v3.12.1 - 02-04-2023 *\/\n.elementor-widget-text-editor.elementor-drop-cap-view-stacked .elementor-drop-cap{background-color:#69727d;color:#fff}.elementor-widget-text-editor.elementor-drop-cap-view-framed .elementor-drop-cap{color:#69727d;border:3px solid;background-color:transparent}.elementor-widget-text-editor:not(.elementor-drop-cap-view-default) .elementor-drop-cap{margin-top:8px}.elementor-widget-text-editor:not(.elementor-drop-cap-view-default) .elementor-drop-cap-letter{width:1em;height:1em}.elementor-widget-text-editor .elementor-drop-cap{float:left;text-align:center;line-height:1;font-size:50px}.elementor-widget-text-editor .elementor-drop-cap-letter{display:inline-block}<\/style>\t\t\t\t<h3>Why use BerTi?<\/h3><p>BerTi brings transparency and efficiency to the corporate investment planning process, reducing administration and supporting better-informed management decisions.<\/p><ul><li>Increased transparency<\/li><li>Integrated data feeds<\/li><li>well-structured, detailed reports<\/li><li>User-friendly interfaces<\/li><li>Easy-to-use application<\/li><\/ul><h3>Expertise of Company<\/h3><h4>Administration<\/h4><ul><li>Helps to design a coordinated and transparent planning process in accordance with the legal environment.<\/li><li>Reduces human workload and coordination time.<\/li><li>Provides a transparent, controllable process.<\/li><li>Provides well-structured, detailed reports for more insightful decision-making.<\/li><\/ul><h4>HR<\/h4><ul><li>Helps to design a Rolling Development Plan: even the workload.<\/li><li>Reduces heavy human workload.<\/li><li>Minimizes dependency on particular personnel.<\/li><li>Coordinates the work of professionals from different departments of the company.<\/li><\/ul>\t\t\t\t\t\t<\/div>\n\t\t\t\t<\/div>\n\t\t\t\t\t<\/div>\n\t\t<\/div>\n\t\t\t\t\t\t\t<\/div>\n\t\t<\/section>\n\t\t\t\t\t\t\t<\/div>","protected":false},"excerpt":{"rendered":"<p>BerTi Beruh\u00e1z\u00e1s-tervez\u00e9st t\u00e1mogat\u00f3 inform\u00e1ci\u00f3s rendszer Mi\u00e9rt j\u00f3 a BerTi? A BerTi a v\u00e1llalatok beruh\u00e1z\u00e1s-tervez\u00e9si folyamat\u00e1t teszi \u00e1tl\u00e1that\u00f3v\u00e1, egyszer\u0171s\u00edti le, cs\u00f6kkentve az ezzel kapcsolatos adminisztr\u00e1ci\u00f3t \u00e9s t\u00e1mogatva a megalapozottabb vezet\u0151i d\u00f6nt\u00e9seket. \u00c1tl\u00e1that\u00f3 folyamat Integr\u00e1lt adattartalom Egyszer\u0171en reproduk\u00e1lhat\u00f3 riportok Felhaszn\u00e1l\u00f3bar\u00e1t fel\u00fcletek K\u00f6nny\u0171 kezelhet\u0151s\u00e9g Miben tudunk seg\u00edteni? Adminisztrat\u00edv ter\u00fcleten Jogszab\u00e1lyi k\u00f6rnyezetnek megfelel\u0151 feladatok \u00e9s hat\u00e1rid\u0151k tervez\u00e9se \u00e9s v\u00e9grehajt\u00e1sa [&hellip;]<\/p>","protected":false},"author":1,"featured_media":0,"parent":0,"menu_order":0,"comment_status":"closed","ping_status":"closed","template":"","meta":{"footnotes":""},"class_list":["post-26","page","type-page","status-publish","hentry"],"_links":{"self":[{"href":"https:\/\/www.geometria.hu\/en\/wp-json\/wp\/v2\/pages\/26","targetHints":{"allow":["GET"]}}],"collection":[{"href":"https:\/\/www.geometria.hu\/en\/wp-json\/wp\/v2\/pages"}],"about":[{"href":"https:\/\/www.geometria.hu\/en\/wp-json\/wp\/v2\/types\/page"}],"author":[{"embeddable":true,"href":"https:\/\/www.geometria.hu\/en\/wp-json\/wp\/v2\/users\/1"}],"replies":[{"embeddable":true,"href":"https:\/\/www.geometria.hu\/en\/wp-json\/wp\/v2\/comments?post=26"}],"version-history":[{"count":6,"href":"https:\/\/www.geometria.hu\/en\/wp-json\/wp\/v2\/pages\/26\/revisions"}],"predecessor-version":[{"id":778,"href":"https:\/\/www.geometria.hu\/en\/wp-json\/wp\/v2\/pages\/26\/revisions\/778"}],"wp:attachment":[{"href":"https:\/\/www.geometria.hu\/en\/wp-json\/wp\/v2\/media?parent=26"}],"curies":[{"name":"wp","href":"https:\/\/api.w.org\/{rel}","templated":true}]}}