{"id":30,"date":"2023-01-13T11:46:48","date_gmt":"2023-01-13T11:46:48","guid":{"rendered":"https:\/\/geometria.hu\/?page_id=30"},"modified":"2025-08-19T08:34:44","modified_gmt":"2025-08-19T08:34:44","slug":"minoseg-es-informaciobiztonsagi-politika","status":"publish","type":"page","link":"https:\/\/www.geometria.hu\/en\/minoseg-es-informaciobiztonsagi-politika\/","title":{"rendered":"Min\u0151s\u00e9g- \u00e9s inform\u00e1ci\u00f3biztons\u00e1gi politika"},"content":{"rendered":"<div data-elementor-type=\"wp-page\" data-elementor-id=\"30\" class=\"elementor elementor-30\">\n\t\t\t\t\t\t\t\t\t<section class=\"elementor-section elementor-top-section elementor-element elementor-element-3e74bd5 elementor-section-boxed elementor-section-height-default elementor-section-height-default\" data-id=\"3e74bd5\" data-element_type=\"section\" data-settings=\"{&quot;jet_parallax_layout_list&quot;:[]}\">\n\t\t\t\t\t\t<div class=\"elementor-container elementor-column-gap-default\">\n\t\t\t\t\t<div class=\"elementor-column elementor-col-100 elementor-top-column elementor-element elementor-element-42fa8ed\" data-id=\"42fa8ed\" data-element_type=\"column\">\n\t\t\t<div class=\"elementor-widget-wrap elementor-element-populated\">\n\t\t\t\t\t\t\t\t<div class=\"elementor-element elementor-element-e9cb1f0 elementor-widget elementor-widget-heading\" data-id=\"e9cb1f0\" data-element_type=\"widget\" data-widget_type=\"heading.default\">\n\t\t\t\t<div class=\"elementor-widget-container\">\n\t\t\t<style>\/*! elementor - v3.12.1 - 02-04-2023 *\/\n.elementor-heading-title{padding:0;margin:0;line-height:1}.elementor-widget-heading .elementor-heading-title[class*=elementor-size-]>a{color:inherit;font-size:inherit;line-height:inherit}.elementor-widget-heading .elementor-heading-title.elementor-size-small{font-size:15px}.elementor-widget-heading .elementor-heading-title.elementor-size-medium{font-size:19px}.elementor-widget-heading .elementor-heading-title.elementor-size-large{font-size:29px}.elementor-widget-heading .elementor-heading-title.elementor-size-xl{font-size:39px}.elementor-widget-heading .elementor-heading-title.elementor-size-xxl{font-size:59px}<\/style><h2 class=\"elementor-heading-title elementor-size-default\">Min\u0151s\u00e9g- \u00e9s inform\u00e1ci\u00f3biztons\u00e1gi politika<\/h2>\t\t<\/div>\n\t\t\t\t<\/div>\n\t\t\t\t<div class=\"elementor-element elementor-element-bc1441a elementor-widget elementor-widget-text-editor\" data-id=\"bc1441a\" data-element_type=\"widget\" data-widget_type=\"text-editor.default\">\n\t\t\t\t<div class=\"elementor-widget-container\">\n\t\t\t<style>\/*! elementor - v3.12.1 - 02-04-2023 *\/\n.elementor-widget-text-editor.elementor-drop-cap-view-stacked .elementor-drop-cap{background-color:#69727d;color:#fff}.elementor-widget-text-editor.elementor-drop-cap-view-framed .elementor-drop-cap{color:#69727d;border:3px solid;background-color:transparent}.elementor-widget-text-editor:not(.elementor-drop-cap-view-default) .elementor-drop-cap{margin-top:8px}.elementor-widget-text-editor:not(.elementor-drop-cap-view-default) .elementor-drop-cap-letter{width:1em;height:1em}.elementor-widget-text-editor .elementor-drop-cap{float:left;text-align:center;line-height:1;font-size:50px}.elementor-widget-text-editor .elementor-drop-cap-letter{display:inline-block}<\/style>\t\t\t\t<p>A Geometria megb\u00edzhat\u00f3, alacsony kock\u00e1zat\u00fa, stabil fejl\u0151d\u00e9ssel rendelkez\u0151 c\u00e9gk\u00e9nt, magas hozz\u00e1adott \u00e9rt\u00e9k\u0171 szolg\u00e1ltat\u00e1st ny\u00fajtva m\u0171k\u00f6dik a hazai \u00e9s eur\u00f3pai piacon. Ezt a poz\u00edci\u00f3t a piaci k\u00f6rnyezethez t\u00f6rt\u00e9n\u0151 alkalmazkod\u00e1ssal, folyamatos innov\u00e1ci\u00f3val, a bels\u0151 folyamatok rendszeres \u00e9rt\u00e9kel\u00e9s\u00e9vel, jav\u00edt\u00e1s\u00e1val, \u00e9s kiegyens\u00falyozott, nyeres\u00e9ges m\u0171k\u00f6d\u00e9ssel biztos\u00edtja.<\/p>\t\t\t\t\t\t<\/div>\n\t\t\t\t<\/div>\n\t\t\t\t<div class=\"elementor-element elementor-element-66bc81f elementor-widget elementor-widget-image\" data-id=\"66bc81f\" data-element_type=\"widget\" data-widget_type=\"image.default\">\n\t\t\t\t<div class=\"elementor-widget-container\">\n\t\t\t<style>\/*! elementor - v3.12.1 - 02-04-2023 *\/\n.elementor-widget-image{text-align:center}.elementor-widget-image a{display:inline-block}.elementor-widget-image a img[src$=\".svg\"]{width:48px}.elementor-widget-image img{vertical-align:middle;display:inline-block}<\/style>\t\t\t\t\t\t\t\t\t\t\t\t\t<a href=\"https:\/\/www.geometria.hu\/wp-content\/uploads\/2025\/08\/politika.jpg\" data-elementor-open-lightbox=\"yes\" data-elementor-lightbox-title=\"politika\" data-e-action-hash=\"#elementor-action%3Aaction%3Dlightbox%26settings%3DeyJpZCI6Nzk5LCJ1cmwiOiJodHRwczpcL1wvd3d3Lmdlb21ldHJpYS5odVwvd3AtY29udGVudFwvdXBsb2Fkc1wvMjAyNVwvMDhcL3BvbGl0aWthLmpwZyJ9\">\n\t\t\t\t\t\t\t<img loading=\"lazy\" decoding=\"async\" width=\"582\" height=\"827\" src=\"https:\/\/www.geometria.hu\/wp-content\/uploads\/2025\/08\/politika.jpg\" class=\"attachment-large size-large wp-image-799\" alt=\"\" srcset=\"https:\/\/www.geometria.hu\/wp-content\/uploads\/2025\/08\/politika.jpg 582w, https:\/\/www.geometria.hu\/wp-content\/uploads\/2025\/08\/politika-211x300.jpg 211w, https:\/\/www.geometria.hu\/wp-content\/uploads\/2025\/08\/politika-8x12.jpg 8w\" sizes=\"auto, (max-width: 582px) 100vw, 582px\" \/>\t\t\t\t\t\t\t\t<\/a>\n\t\t\t\t\t\t\t\t\t\t\t\t\t\t\t<\/div>\n\t\t\t\t<\/div>\n\t\t\t\t\t<\/div>\n\t\t<\/div>\n\t\t\t\t\t\t\t<\/div>\n\t\t<\/section>\n\t\t\t\t\t\t\t<\/div>","protected":false},"excerpt":{"rendered":"<p>Min\u0151s\u00e9g- \u00e9s inform\u00e1ci\u00f3biztons\u00e1gi politika A Geometria megb\u00edzhat\u00f3, alacsony kock\u00e1zat\u00fa, stabil fejl\u0151d\u00e9ssel rendelkez\u0151 c\u00e9gk\u00e9nt, magas hozz\u00e1adott \u00e9rt\u00e9k\u0171 szolg\u00e1ltat\u00e1st ny\u00fajtva m\u0171k\u00f6dik a hazai \u00e9s eur\u00f3pai piacon. Ezt a poz\u00edci\u00f3t a piaci k\u00f6rnyezethez t\u00f6rt\u00e9n\u0151 alkalmazkod\u00e1ssal, folyamatos innov\u00e1ci\u00f3val, a bels\u0151 folyamatok rendszeres \u00e9rt\u00e9kel\u00e9s\u00e9vel, jav\u00edt\u00e1s\u00e1val, \u00e9s kiegyens\u00falyozott, nyeres\u00e9ges m\u0171k\u00f6d\u00e9ssel biztos\u00edtja.<\/p>","protected":false},"author":1,"featured_media":0,"parent":0,"menu_order":0,"comment_status":"closed","ping_status":"closed","template":"","meta":{"footnotes":""},"class_list":["post-30","page","type-page","status-publish","hentry"],"_links":{"self":[{"href":"https:\/\/www.geometria.hu\/en\/wp-json\/wp\/v2\/pages\/30","targetHints":{"allow":["GET"]}}],"collection":[{"href":"https:\/\/www.geometria.hu\/en\/wp-json\/wp\/v2\/pages"}],"about":[{"href":"https:\/\/www.geometria.hu\/en\/wp-json\/wp\/v2\/types\/page"}],"author":[{"embeddable":true,"href":"https:\/\/www.geometria.hu\/en\/wp-json\/wp\/v2\/users\/1"}],"replies":[{"embeddable":true,"href":"https:\/\/www.geometria.hu\/en\/wp-json\/wp\/v2\/comments?post=30"}],"version-history":[{"count":12,"href":"https:\/\/www.geometria.hu\/en\/wp-json\/wp\/v2\/pages\/30\/revisions"}],"predecessor-version":[{"id":802,"href":"https:\/\/www.geometria.hu\/en\/wp-json\/wp\/v2\/pages\/30\/revisions\/802"}],"wp:attachment":[{"href":"https:\/\/www.geometria.hu\/en\/wp-json\/wp\/v2\/media?parent=30"}],"curies":[{"name":"wp","href":"https:\/\/api.w.org\/{rel}","templated":true}]}}