{"id":408,"date":"2023-01-17T12:30:37","date_gmt":"2023-01-17T12:30:37","guid":{"rendered":"https:\/\/geometria.hu\/?page_id=408"},"modified":"2023-01-17T12:32:13","modified_gmt":"2023-01-17T12:32:13","slug":"cookie-nyilatkozat","status":"publish","type":"page","link":"https:\/\/www.geometria.hu\/en\/cookie-nyilatkozat\/","title":{"rendered":"Cookie nyilatkozat"},"content":{"rendered":"<div data-elementor-type=\"wp-page\" data-elementor-id=\"408\" class=\"elementor elementor-408\">\n\t\t\t\t\t\t\t\t\t<section class=\"elementor-section elementor-top-section elementor-element elementor-element-d854418 elementor-section-boxed elementor-section-height-default elementor-section-height-default\" data-id=\"d854418\" data-element_type=\"section\" data-settings=\"{&quot;jet_parallax_layout_list&quot;:[]}\">\n\t\t\t\t\t\t<div class=\"elementor-container elementor-column-gap-default\">\n\t\t\t\t\t<div class=\"elementor-column elementor-col-100 elementor-top-column elementor-element elementor-element-0b2ae84\" data-id=\"0b2ae84\" data-element_type=\"column\">\n\t\t\t<div class=\"elementor-widget-wrap elementor-element-populated\">\n\t\t\t\t\t\t\t\t<div class=\"elementor-element elementor-element-95863e7 elementor-widget elementor-widget-html\" data-id=\"95863e7\" data-element_type=\"widget\" data-widget_type=\"html.default\">\n\t\t\t\t<div class=\"elementor-widget-container\">\n\t\t\t<style>\r\n    a.cky-banner-element {\r\n        padding: 8px 30px;\r\n        background: #F8F9FA;\r\n        color: #858A8F;\r\n        border: 1px solid #DEE2E6;\r\n        box-sizing: border-box;\r\n        border-radius: 2px;\r\n        cursor: pointer;\r\n}\r\n<\/style>\r\n<h1 class=\"cookie-policy-h1\">Cookie nyilatkozat<\/h1>\r\n<p>\r\n    Effective Date: 17-Jan-2023 <br>\r\n    Last Updated: 17-Jan-2023\r\n<\/p>\r\n\r\n&nbsp;\r\n<h5>Mik azok a s\u00fctik?<\/h5>\r\n<div class=\"cookie-policy-p\"><p>TA Cookie-szab\u00e1lyzat elmagyar\u00e1zza, hogy mik azok a s\u00fctik \u00e9s hogyan haszn\u00e1ljuk \u0151ket, milyen t\u00edpus\u00fa s\u00fctiket haszn\u00e1lunk, azaz milyen inform\u00e1ci\u00f3kat gy\u0171jt\u00fcnk a s\u00fctik seg\u00edts\u00e9g\u00e9vel, \u00e9s hogyan haszn\u00e1ljuk fel ezeket az inform\u00e1ci\u00f3kat, valamint hogyan kezelheti a cookie-be\u00e1ll\u00edt\u00e1sokat.<\/p> <p>A s\u00fctik olyan kis sz\u00f6veges f\u00e1jlok, amelyek kis inform\u00e1ci\u00f3k t\u00e1rol\u00e1s\u00e1ra szolg\u00e1lnak. Ezek akkor t\u00e1rol\u00f3dnak az \u00d6n eszk\u00f6z\u00e9n, amikor a weboldal bet\u00f6lt\u0151dik a b\u00f6ng\u00e9sz\u0151j\u00e9be. Ezek a s\u00fctik seg\u00edtenek nek\u00fcnk abban, hogy a weboldal megfelel\u0151en m\u0171k\u00f6dj\u00f6n, biztons\u00e1gosabb\u00e1 tegy\u00fck, jobb felhaszn\u00e1l\u00f3i \u00e9lm\u00e9nyt ny\u00fajtsunk, \u00e9s meg\u00e9rts\u00fck, hogyan teljes\u00edt a weboldal, valamint elemezz\u00fck, mi m\u0171k\u00f6dik, \u00e9s hol van sz\u00fcks\u00e9g jav\u00edt\u00e1sra.<\/p><\/div>\r\n\r\n&nbsp;\r\n<h5>Hogyan haszn\u00e1ljuk a s\u00fctiket?<\/h5>\r\n<div class=\"cookie-policy-p\"><p>Mint a legt\u00f6bb online szolg\u00e1ltat\u00e1s, weboldalunk is t\u00f6bbf\u00e9le c\u00e9lb\u00f3l haszn\u00e1l els\u0151 \u00e9s harmadik f\u00e9lt\u0151l sz\u00e1rmaz\u00f3 s\u00fctiket. Az els\u0151 f\u00e9lt\u0151l sz\u00e1rmaz\u00f3 s\u00fctik t\u00f6bbnyire a weboldal megfelel\u0151 m\u0171k\u00f6d\u00e9s\u00e9hez sz\u00fcks\u00e9gesek, \u00e9s nem gy\u0171jtenek semmilyen szem\u00e9lyazonos\u00edt\u00e1sra alkalmas adatot.<\/p> <p>A weboldalunkon haszn\u00e1lt harmadik f\u00e9lt\u0151l sz\u00e1rmaz\u00f3 s\u00fctik els\u0151sorban arra szolg\u00e1lnak, hogy meg\u00e9rts\u00fck, hogyan m\u0171k\u00f6dik a weboldal, hogyan l\u00e9p kapcsolatba a weboldalunkkal, hogyan tartja biztons\u00e1gban a szolg\u00e1ltat\u00e1sainkat, hogy az \u00d6n sz\u00e1m\u00e1ra relev\u00e1ns hirdet\u00e9seket ny\u00fajtsunk, \u00e9s \u00f6sszess\u00e9g\u00e9ben jobb \u00e9s jobb felhaszn\u00e1l\u00f3i \u00e9lm\u00e9nyt ny\u00fajtsunk \u00d6nnek, \u00e9s seg\u00edts\u00fcnk felgyors\u00edtani a weboldalunkkal val\u00f3 j\u00f6v\u0151beli interakci\u00f3it.<\/p><\/div>\r\n\r\n&nbsp;\r\n    <h5>Az \u00e1ltalunk haszn\u00e1lt s\u00fctik t\u00edpusai<\/h5>\r\n\r\n    <div class=\"cky-audit-table-element\"><\/div>\r\n\r\n&nbsp;\r\n    <h5 style=\"margin-bottom:20px;\">S\u00fctik be\u00e1ll\u00edt\u00e1sainak kezel\u00e9se<\/h5>\r\n\r\n    <a class=\"cky-banner-element\">Cookie be\u00e1ll\u00edt\u00e1sok<\/a> <br\/>\r\n\r\n    <div><p>A fenti gombra kattintva b\u00e1rmikor megv\u00e1ltoztathatja a s\u00fctikre vonatkoz\u00f3 be\u00e1ll\u00edt\u00e1sait. Ez lehet\u0151v\u00e9 teszi, hogy \u00fajra megn\u00e9zze a cookie-hozz\u00e1j\u00e1rul\u00e1s bannert, \u00e9s megv\u00e1ltoztassa a preferenci\u00e1it, vagy azonnal visszavonja a hozz\u00e1j\u00e1rul\u00e1s\u00e1t.<\/p><p>Ezen k\u00edv\u00fcl a k\u00fcl\u00f6nb\u00f6z\u0151 b\u00f6ng\u00e9sz\u0151k k\u00fcl\u00f6nb\u00f6z\u0151 m\u00f3dszereket biztos\u00edtanak a weboldalak \u00e1ltal haszn\u00e1lt cookie-k blokkol\u00e1s\u00e1ra \u00e9s t\u00f6rl\u00e9s\u00e9re. A cookie-k blokkol\u00e1sa\/t\u00f6rl\u00e9se \u00e9rdek\u00e9ben m\u00f3dos\u00edthatja b\u00f6ng\u00e9sz\u0151je be\u00e1ll\u00edt\u00e1sait. Az al\u00e1bbiakban a f\u0151bb webb\u00f6ng\u00e9sz\u0151k cookie-k kezel\u00e9s\u00e9re \u00e9s t\u00f6rl\u00e9s\u00e9re vonatkoz\u00f3 t\u00e1mogat\u00f3 dokumentumok linkjei tal\u00e1lhat\u00f3k.<\/p><p>Chrome: <a target=\"_blank\" rel=\"noopener noreferrer\" href=\"https:\/\/support.google.com\/accounts\/answer\/32050\">https:\/\/support.google.com\/accounts\/answer\/32050<\/a><\/p><p>Safari: <a target=\"_blank\" rel=\"noopener noreferrer\" href=\"https:\/\/support.apple.com\/en-in\/guide\/safari\/sfri11471\/mac\">https:\/\/support.apple.com\/en-in\/guide\/safari\/sfri11471\/mac<\/a><\/p><p>Firefox: <a target=\"_blank\" rel=\"noopener noreferrer\" href=\"https:\/\/support.mozilla.org\/en-US\/kb\/clear-cookies-and-site-data-firefox?redirectslug=delete-cookies-remove-info-websites-stored&amp;redirectlocale=en-US\">https:\/\/support.mozilla.org\/en-US\/kb\/clear-cookies-and-site-data-firefox?redirectslug=delete-cookies-remove-info-websites-stored&amp;redirectlocale=en-US<\/a><\/p><p>Internet Explorer: <a target=\"_blank\" rel=\"noopener noreferrer\" href=\"https:\/\/support.microsoft.com\/en-us\/topic\/how-to-delete-cookie-files-in-internet-explorer-bca9446f-d873-78de-77ba-d42645fa52fc\">https:\/\/support.microsoft.com\/en-us\/topic\/how-to-delete-cookie-files-in-internet-explorer-bca9446f-d873-78de-77ba-d42645fa52fc<\/a><\/p><p>Ha m\u00e1s b\u00f6ng\u00e9sz\u0151t haszn\u00e1l, k\u00e9rj\u00fck, l\u00e1togasson el a b\u00f6ng\u00e9sz\u0151 hivatalos t\u00e1mogat\u00e1si dokumentumaihoz.<\/p><\/div>\r\n\r\n\r\n&nbsp;\r\n<p class=\"cookie-policy-p\">\r\n    Cookie Policy Generated By  <a target=\"_blank\" href=\"https:\/\/www.cookieyes.com\/?utm_source=CP&utm_medium=footer&utm_campaign=UW\">CookieYes - Cookie Policy Generator<\/a>.\r\n<\/p>\t\t<\/div>\n\t\t\t\t<\/div>\n\t\t\t\t\t<\/div>\n\t\t<\/div>\n\t\t\t\t\t\t\t<\/div>\n\t\t<\/section>\n\t\t\t\t\t\t\t<\/div>","protected":false},"excerpt":{"rendered":"<p>Cookie nyilatkozat Effective Date: 17-Jan-2023 Last Updated: 17-Jan-2023 &nbsp; Mik azok a s\u00fctik? TA Cookie-szab\u00e1lyzat elmagyar\u00e1zza, hogy mik azok a s\u00fctik \u00e9s hogyan haszn\u00e1ljuk \u0151ket, milyen t\u00edpus\u00fa s\u00fctiket haszn\u00e1lunk, azaz milyen inform\u00e1ci\u00f3kat gy\u0171jt\u00fcnk a s\u00fctik seg\u00edts\u00e9g\u00e9vel, \u00e9s hogyan haszn\u00e1ljuk fel ezeket az inform\u00e1ci\u00f3kat, valamint hogyan kezelheti a cookie-be\u00e1ll\u00edt\u00e1sokat. A s\u00fctik olyan kis sz\u00f6veges f\u00e1jlok, amelyek [&hellip;]<\/p>","protected":false},"author":1,"featured_media":0,"parent":0,"menu_order":0,"comment_status":"closed","ping_status":"closed","template":"","meta":{"footnotes":""},"class_list":["post-408","page","type-page","status-publish","hentry"],"_links":{"self":[{"href":"https:\/\/www.geometria.hu\/en\/wp-json\/wp\/v2\/pages\/408","targetHints":{"allow":["GET"]}}],"collection":[{"href":"https:\/\/www.geometria.hu\/en\/wp-json\/wp\/v2\/pages"}],"about":[{"href":"https:\/\/www.geometria.hu\/en\/wp-json\/wp\/v2\/types\/page"}],"author":[{"embeddable":true,"href":"https:\/\/www.geometria.hu\/en\/wp-json\/wp\/v2\/users\/1"}],"replies":[{"embeddable":true,"href":"https:\/\/www.geometria.hu\/en\/wp-json\/wp\/v2\/comments?post=408"}],"version-history":[{"count":4,"href":"https:\/\/www.geometria.hu\/en\/wp-json\/wp\/v2\/pages\/408\/revisions"}],"predecessor-version":[{"id":412,"href":"https:\/\/www.geometria.hu\/en\/wp-json\/wp\/v2\/pages\/408\/revisions\/412"}],"wp:attachment":[{"href":"https:\/\/www.geometria.hu\/en\/wp-json\/wp\/v2\/media?parent=408"}],"curies":[{"name":"wp","href":"https:\/\/api.w.org\/{rel}","templated":true}]}}